{"id":987,"date":"2018-09-24T09:22:51","date_gmt":"2018-09-24T09:22:51","guid":{"rendered":"http:\/\/www.grupoeditorialverbodivino.com\/?page_id=987"},"modified":"2024-10-08T12:53:20","modified_gmt":"2024-10-08T10:53:20","slug":"aviso-legal","status":"publish","type":"page","link":"https:\/\/www.grupoeditorialverbodivino.com\/en\/aviso-legal\/","title":{"rendered":"Aviso-legal"},"content":{"rendered":"","protected":false},"excerpt":{"rendered":"","protected":false},"author":1,"featured_media":0,"parent":0,"menu_order":0,"comment_status":"closed","ping_status":"closed","template":"","meta":{"footnotes":""},"class_list":["post-987","page","type-page","status-publish","hentry"],"yoast_head":"<!-- This site is optimized with the Yoast SEO plugin v26.5 - https:\/\/yoast.com\/wordpress\/plugins\/seo\/ -->\n<title>Aviso-legal Grupo Editorial Verbo Divino - La palabra que transforma<\/title>\n<meta name=\"description\" content=\"Grupo Editorial Verbo Divino, la palabra que transforma. Animaci\u00f3n b\u00edblica de la pastoral. Difusi\u00f3n b\u00edblica. Formaci\u00f3n b\u00edblica.\" \/>\n<meta name=\"robots\" content=\"index, follow, max-snippet:-1, max-image-preview:large, max-video-preview:-1\" \/>\n<link rel=\"canonical\" href=\"https:\/\/www.grupoeditorialverbodivino.com\/en\/aviso-legal\/\" \/>\n<meta property=\"og:locale\" content=\"en_US\" \/>\n<meta property=\"og:type\" content=\"article\" \/>\n<meta property=\"og:title\" content=\"Aviso-legal Grupo Editorial Verbo Divino - La palabra que transforma\" \/>\n<meta property=\"og:description\" content=\"Grupo Editorial Verbo Divino, la palabra que transforma. Animaci\u00f3n b\u00edblica de la pastoral. Difusi\u00f3n b\u00edblica. Formaci\u00f3n b\u00edblica.\" \/>\n<meta property=\"og:url\" content=\"https:\/\/www.grupoeditorialverbodivino.com\/en\/aviso-legal\/\" \/>\n<meta property=\"og:site_name\" content=\"Grupo Editorial Verbo Divino\" \/>\n<meta property=\"article:modified_time\" content=\"2024-10-08T10:53:20+00:00\" \/>\n<meta name=\"twitter:card\" content=\"summary_large_image\" \/>\n<script type=\"application\/ld+json\" class=\"yoast-schema-graph\">{\"@context\":\"https:\/\/schema.org\",\"@graph\":[{\"@type\":\"WebPage\",\"@id\":\"https:\/\/www.grupoeditorialverbodivino.com\/en\/aviso-legal\/\",\"url\":\"https:\/\/www.grupoeditorialverbodivino.com\/en\/aviso-legal\/\",\"name\":\"Aviso-legal Grupo Editorial Verbo Divino - La palabra que transforma\",\"isPartOf\":{\"@id\":\"https:\/\/www.grupoeditorialverbodivino.com\/#website\"},\"datePublished\":\"2018-09-24T09:22:51+00:00\",\"dateModified\":\"2024-10-08T10:53:20+00:00\",\"description\":\"Grupo Editorial Verbo Divino, la palabra que transforma. Animaci\u00f3n b\u00edblica de la pastoral. Difusi\u00f3n b\u00edblica. Formaci\u00f3n b\u00edblica.\",\"breadcrumb\":{\"@id\":\"https:\/\/www.grupoeditorialverbodivino.com\/en\/aviso-legal\/#breadcrumb\"},\"inLanguage\":\"en-US\",\"potentialAction\":[{\"@type\":\"ReadAction\",\"target\":[\"https:\/\/www.grupoeditorialverbodivino.com\/en\/aviso-legal\/\"]}]},{\"@type\":\"BreadcrumbList\",\"@id\":\"https:\/\/www.grupoeditorialverbodivino.com\/en\/aviso-legal\/#breadcrumb\",\"itemListElement\":[{\"@type\":\"ListItem\",\"position\":1,\"name\":\"Portada\",\"item\":\"https:\/\/www.grupoeditorialverbodivino.com\/en\/\"},{\"@type\":\"ListItem\",\"position\":2,\"name\":\"Aviso-legal\"}]},{\"@type\":\"WebSite\",\"@id\":\"https:\/\/www.grupoeditorialverbodivino.com\/#website\",\"url\":\"https:\/\/www.grupoeditorialverbodivino.com\/\",\"name\":\"Grupo Editorial Verbo Divino\",\"description\":\"Sitio de Grupo Editorial Verbo Divino\",\"publisher\":{\"@id\":\"https:\/\/www.grupoeditorialverbodivino.com\/#organization\"},\"alternateName\":\"GEVD\",\"potentialAction\":[{\"@type\":\"SearchAction\",\"target\":{\"@type\":\"EntryPoint\",\"urlTemplate\":\"https:\/\/www.grupoeditorialverbodivino.com\/?s={search_term_string}\"},\"query-input\":{\"@type\":\"PropertyValueSpecification\",\"valueRequired\":true,\"valueName\":\"search_term_string\"}}],\"inLanguage\":\"en-US\"},{\"@type\":\"Organization\",\"@id\":\"https:\/\/www.grupoeditorialverbodivino.com\/#organization\",\"name\":\"Grupo Editorial Verbo Divino\",\"url\":\"https:\/\/www.grupoeditorialverbodivino.com\/\",\"logo\":{\"@type\":\"ImageObject\",\"inLanguage\":\"en-US\",\"@id\":\"https:\/\/www.grupoeditorialverbodivino.com\/#\/schema\/logo\/image\/\",\"url\":\"https:\/\/www.grupoeditorialverbodivino.com\/wp-content\/uploads\/2018\/04\/Logo_Grupo_Verbo_Divino_2.png\",\"contentUrl\":\"https:\/\/www.grupoeditorialverbodivino.com\/wp-content\/uploads\/2018\/04\/Logo_Grupo_Verbo_Divino_2.png\",\"width\":1024,\"height\":322,\"caption\":\"Grupo Editorial Verbo Divino\"},\"image\":{\"@id\":\"https:\/\/www.grupoeditorialverbodivino.com\/#\/schema\/logo\/image\/\"}}]}<\/script>\n<!-- \/ Yoast SEO plugin. -->","yoast_head_json":{"title":"Aviso-legal Grupo Editorial Verbo Divino - La palabra que transforma","description":"Grupo Editorial Verbo Divino, la palabra que transforma. Animaci\u00f3n b\u00edblica de la pastoral. Difusi\u00f3n b\u00edblica. Formaci\u00f3n b\u00edblica.","robots":{"index":"index","follow":"follow","max-snippet":"max-snippet:-1","max-image-preview":"max-image-preview:large","max-video-preview":"max-video-preview:-1"},"canonical":"https:\/\/www.grupoeditorialverbodivino.com\/en\/aviso-legal\/","og_locale":"en_US","og_type":"article","og_title":"Aviso-legal Grupo Editorial Verbo Divino - La palabra que transforma","og_description":"Grupo Editorial Verbo Divino, la palabra que transforma. Animaci\u00f3n b\u00edblica de la pastoral. Difusi\u00f3n b\u00edblica. Formaci\u00f3n b\u00edblica.","og_url":"https:\/\/www.grupoeditorialverbodivino.com\/en\/aviso-legal\/","og_site_name":"Grupo Editorial Verbo Divino","article_modified_time":"2024-10-08T10:53:20+00:00","twitter_card":"summary_large_image","schema":{"@context":"https:\/\/schema.org","@graph":[{"@type":"WebPage","@id":"https:\/\/www.grupoeditorialverbodivino.com\/en\/aviso-legal\/","url":"https:\/\/www.grupoeditorialverbodivino.com\/en\/aviso-legal\/","name":"Aviso-legal Grupo Editorial Verbo Divino - La palabra que transforma","isPartOf":{"@id":"https:\/\/www.grupoeditorialverbodivino.com\/#website"},"datePublished":"2018-09-24T09:22:51+00:00","dateModified":"2024-10-08T10:53:20+00:00","description":"Grupo Editorial Verbo Divino, la palabra que transforma. Animaci\u00f3n b\u00edblica de la pastoral. Difusi\u00f3n b\u00edblica. Formaci\u00f3n b\u00edblica.","breadcrumb":{"@id":"https:\/\/www.grupoeditorialverbodivino.com\/en\/aviso-legal\/#breadcrumb"},"inLanguage":"en-US","potentialAction":[{"@type":"ReadAction","target":["https:\/\/www.grupoeditorialverbodivino.com\/en\/aviso-legal\/"]}]},{"@type":"BreadcrumbList","@id":"https:\/\/www.grupoeditorialverbodivino.com\/en\/aviso-legal\/#breadcrumb","itemListElement":[{"@type":"ListItem","position":1,"name":"Portada","item":"https:\/\/www.grupoeditorialverbodivino.com\/en\/"},{"@type":"ListItem","position":2,"name":"Aviso-legal"}]},{"@type":"WebSite","@id":"https:\/\/www.grupoeditorialverbodivino.com\/#website","url":"https:\/\/www.grupoeditorialverbodivino.com\/","name":"Grupo Editorial Verbo Divino","description":"Sitio de Grupo Editorial Verbo Divino","publisher":{"@id":"https:\/\/www.grupoeditorialverbodivino.com\/#organization"},"alternateName":"GEVD","potentialAction":[{"@type":"SearchAction","target":{"@type":"EntryPoint","urlTemplate":"https:\/\/www.grupoeditorialverbodivino.com\/?s={search_term_string}"},"query-input":{"@type":"PropertyValueSpecification","valueRequired":true,"valueName":"search_term_string"}}],"inLanguage":"en-US"},{"@type":"Organization","@id":"https:\/\/www.grupoeditorialverbodivino.com\/#organization","name":"Grupo Editorial Verbo Divino","url":"https:\/\/www.grupoeditorialverbodivino.com\/","logo":{"@type":"ImageObject","inLanguage":"en-US","@id":"https:\/\/www.grupoeditorialverbodivino.com\/#\/schema\/logo\/image\/","url":"https:\/\/www.grupoeditorialverbodivino.com\/wp-content\/uploads\/2018\/04\/Logo_Grupo_Verbo_Divino_2.png","contentUrl":"https:\/\/www.grupoeditorialverbodivino.com\/wp-content\/uploads\/2018\/04\/Logo_Grupo_Verbo_Divino_2.png","width":1024,"height":322,"caption":"Grupo Editorial Verbo Divino"},"image":{"@id":"https:\/\/www.grupoeditorialverbodivino.com\/#\/schema\/logo\/image\/"}}]}},"_links":{"self":[{"href":"https:\/\/www.grupoeditorialverbodivino.com\/en\/wp-json\/wp\/v2\/pages\/987","targetHints":{"allow":["GET"]}}],"collection":[{"href":"https:\/\/www.grupoeditorialverbodivino.com\/en\/wp-json\/wp\/v2\/pages"}],"about":[{"href":"https:\/\/www.grupoeditorialverbodivino.com\/en\/wp-json\/wp\/v2\/types\/page"}],"author":[{"embeddable":true,"href":"https:\/\/www.grupoeditorialverbodivino.com\/en\/wp-json\/wp\/v2\/users\/1"}],"replies":[{"embeddable":true,"href":"https:\/\/www.grupoeditorialverbodivino.com\/en\/wp-json\/wp\/v2\/comments?post=987"}],"version-history":[{"count":0,"href":"https:\/\/www.grupoeditorialverbodivino.com\/en\/wp-json\/wp\/v2\/pages\/987\/revisions"}],"wp:attachment":[{"href":"https:\/\/www.grupoeditorialverbodivino.com\/en\/wp-json\/wp\/v2\/media?parent=987"}],"curies":[{"name":"wp","href":"https:\/\/api.w.org\/{rel}","templated":true}]}}